{"id":1977,"date":"2025-05-21T13:52:14","date_gmt":"2025-05-21T11:52:14","guid":{"rendered":"https:\/\/camping-bois-soleil.fr\/olonne-sur-mer-national-forest\/"},"modified":"2025-09-02T10:26:23","modified_gmt":"2025-09-02T08:26:23","slug":"olonne-sur-mer-national-forest","status":"publish","type":"page","link":"https:\/\/camping-bois-soleil.fr\/en\/olonne-sur-mer-national-forest\/","title":{"rendered":"Olonne sur mer national forest"},"content":{"rendered":"<div class=\"diaporama-header align-full\"><div class=\"gallery\"><figure class=\"gallery__item\"><picture><source srcset=\"https:\/\/camping-bois-soleil.fr\/wp-content\/uploads\/2025\/06\/AdobeStock_169914222-420x280.webp\" media=\"(max-width: 210px)\"><source srcset=\"https:\/\/camping-bois-soleil.fr\/wp-content\/uploads\/2025\/06\/AdobeStock_169914222-850x567.webp\" media=\"(max-width: 420px)\"><source srcset=\"https:\/\/camping-bois-soleil.fr\/wp-content\/uploads\/2025\/06\/AdobeStock_169914222-768x512.webp\" media=\"(max-width: 850px)\"><source srcset=\"https:\/\/camping-bois-soleil.fr\/wp-content\/uploads\/2025\/06\/AdobeStock_169914222-1024x683.webp\" media=\"(max-width: 1024px)\"><source srcset=\"https:\/\/camping-bois-soleil.fr\/wp-content\/uploads\/2025\/06\/AdobeStock_169914222.webp\" media=\"(min-width: 1025px)\"><img loading=\"lazy\" decoding=\"async\" src=\"https:\/\/camping-bois-soleil.fr\/wp-content\/uploads\/2025\/06\/AdobeStock_169914222-420x280.webp\" width=\"420\" height=\"210\" alt=\"\" title=\"\"><\/picture><\/figure><\/div><div class=\"diaporama-header__inner\"><\/div><\/div>\n\n<h1 class=\"fade-up\" style=\"text-align: center;color: var(--marron);\">In Olonne-sur-Mer, <span class=\"fc-span\">a large forest by the sea<\/span><\/h1>\n\n<p class=\"mini fade-up\" style=\"text-align: center;\"  >Adjacent to the long sandy beaches, the <strong>large state-owned forest of Olonne-sur-Mer<\/strong> is a protected area that&#8217;s a pleasure to immerse yourself in.<\/p>\n\n<p class=\"mini fade-up\" style=\"text-align: center;\" id=\"73\" >With its vegetated dunes and shady undergrowth, it&#8217;s a charming <strong>idea for a walk<\/strong> during your stay at a <a href=\"https:\/\/camping-bois-soleil.fr\/en\/\" data-type=\"page\" data-id=\"73\">campsite in Olonne sur Mer<\/a>.<\/p>\n\n\n<div style=\"height:1.2vw\" aria-hidden=\"true\" class=\"wp-block-spacer\"><\/div>\n\n\n<div class=\"columns\" style=\"align-items:center;\"><div class=\"columns__item\" style=\"align-self:center;\"><div class=\"gallery fade-right\"><figure class=\"gallery__item\"><picture><source srcset=\"https:\/\/camping-bois-soleil.fr\/wp-content\/uploads\/2025\/06\/olonnesurmer-3-4-420x315.webp\" media=\"(max-width: 210px)\"><source srcset=\"https:\/\/camping-bois-soleil.fr\/wp-content\/uploads\/2025\/06\/olonnesurmer-3-4-850x637.webp\" media=\"(max-width: 420px)\"><source srcset=\"https:\/\/camping-bois-soleil.fr\/wp-content\/uploads\/2025\/06\/olonnesurmer-3-4-768x576.webp\" media=\"(max-width: 850px)\"><source srcset=\"https:\/\/camping-bois-soleil.fr\/wp-content\/uploads\/2025\/06\/olonnesurmer-3-4-1024x768.webp\" media=\"(max-width: 1024px)\"><source srcset=\"https:\/\/camping-bois-soleil.fr\/wp-content\/uploads\/2025\/06\/olonnesurmer-3-4.webp\" media=\"(min-width: 1025px)\"><img decoding=\"async\" src=\"https:\/\/camping-bois-soleil.fr\/wp-content\/uploads\/2025\/06\/olonnesurmer-3-4-420x315.webp\" width=\"420\" height=\"210\" loading=\"lazy\" alt=\"\" title=\"\"><\/picture><\/figure><\/div><\/div><div class=\"columns__item fade-up\" style=\"align-self:center;\"><h2 style=\"color: var(--bleu);\">Discover the forest between salt marshes and beaches<\/h2><p    ><strong>The Vend\u00e9e is known for its bocages and marshes<\/strong>, but <strong>at the gateway to Les Sables-d&#8217;Olonne<\/strong> you&#8217;ll also find <strong>a classified forest<\/strong>, forming a unique environment. The appeal of these wooded or vegetated dunes, which protect the coastline as well as the villages, comes from the rampart they form, which is not disturbed by urbanization. <\/p><div class=\"lireplus fc-desk\"><p    >Read more<\/p><div class=\"group\"><p    >The <strong>1120 hectares that stretch along the 8 km of Olonne-sur-Mer beach<\/strong> give nature free rein, much to the delight of walkers. Along with the pines, oaks and oyats emblematic of the grey dunes, this natural area is also home to numerous species of flowers, such as gorse and the delicate omphalode. <\/p><\/div><\/div><\/div><\/div>\n\n\n<div style=\"height:1.2vw\" aria-hidden=\"true\" class=\"wp-block-spacer\"><\/div>\n\n\n<div class=\"columns reverse-mob\" style=\"align-items:center;\"><div class=\"columns__item fade-up\" style=\"align-self:center;\"><h2 class=\"wording\" style=\"color: var(--bleu);\">Trails for short and long walks<\/h2><p    ><strong>Signposted paths are ideal for walking in the Olonne forest, as well as for cycling and horse-riding<\/strong>. Whether you&#8217;re looking for a short loop or a hike lasting several hours, there&#8217;s a <strong>wide choice of itineraries to explore the forest<\/strong>. <\/p><p    >Signposted in yellow from the Sainte-\u00c9milienne parking lot, the <strong>Conches Bressaudi\u00e8res circuit<\/strong> takes walkers for just over a kilometer, accessible to all abilities. Set between forest and marsh, it is the perfect link between different types of landscape. <\/p><div class=\"lireplus fc-desk\"><p    >Read more<\/p><div class=\"group\"><p    >For a hike with a little more elevation gain, don&#8217;t miss the <strong>Menhir circuit<\/strong>, covering 5 km from the Grande Pointe area. You&#8217;ll follow undergrowth paths and the <strong>Sauveterre beach<\/strong>, but the real highlight is the climb up the Butte de ski, paved with pine needles, and the search for the famous local menhir. <\/p><\/div><\/div><\/div><div class=\"columns__item\" style=\"align-self:center;\"><div class=\"gallery fade-right\"><figure class=\"gallery__item\"><picture><source srcset=\"https:\/\/camping-bois-soleil.fr\/wp-content\/uploads\/2025\/06\/AdobeStock_335049813-420x280.webp\" media=\"(max-width: 210px)\"><source srcset=\"https:\/\/camping-bois-soleil.fr\/wp-content\/uploads\/2025\/06\/AdobeStock_335049813-850x566.webp\" media=\"(max-width: 420px)\"><source srcset=\"https:\/\/camping-bois-soleil.fr\/wp-content\/uploads\/2025\/06\/AdobeStock_335049813-768x512.webp\" media=\"(max-width: 850px)\"><source srcset=\"https:\/\/camping-bois-soleil.fr\/wp-content\/uploads\/2025\/06\/AdobeStock_335049813-1024x682.webp\" media=\"(max-width: 1024px)\"><source srcset=\"https:\/\/camping-bois-soleil.fr\/wp-content\/uploads\/2025\/06\/AdobeStock_335049813.webp\" media=\"(min-width: 1025px)\"><img decoding=\"async\" src=\"https:\/\/camping-bois-soleil.fr\/wp-content\/uploads\/2025\/06\/AdobeStock_335049813-420x280.webp\" width=\"420\" height=\"210\" loading=\"lazy\" alt=\"\" title=\"\"><\/picture><\/figure><\/div><\/div><\/div>\n\n\n<div style=\"height:1.2vw\" aria-hidden=\"true\" class=\"wp-block-spacer\"><\/div>\n\n\n<div class=\"columns\"><div class=\"columns__item\" style=\"align-self:center;\"><div class=\"gallery fade-left\"><figure class=\"gallery__item\"><picture><source srcset=\"https:\/\/camping-bois-soleil.fr\/wp-content\/uploads\/2025\/06\/AdobeStock_268877566-420x236.webp\" media=\"(max-width: 210px)\"><source srcset=\"https:\/\/camping-bois-soleil.fr\/wp-content\/uploads\/2025\/06\/AdobeStock_268877566-850x478.webp\" media=\"(max-width: 420px)\"><source srcset=\"https:\/\/camping-bois-soleil.fr\/wp-content\/uploads\/2025\/06\/AdobeStock_268877566-768x432.webp\" media=\"(max-width: 850px)\"><source srcset=\"https:\/\/camping-bois-soleil.fr\/wp-content\/uploads\/2025\/06\/AdobeStock_268877566-1024x576.webp\" media=\"(max-width: 1024px)\"><source srcset=\"https:\/\/camping-bois-soleil.fr\/wp-content\/uploads\/2025\/06\/AdobeStock_268877566.webp\" media=\"(min-width: 1025px)\"><img decoding=\"async\" src=\"https:\/\/camping-bois-soleil.fr\/wp-content\/uploads\/2025\/06\/AdobeStock_268877566-420x236.webp\" width=\"420\" height=\"210\" loading=\"lazy\" alt=\"\" title=\"\"><\/picture><\/figure><\/div><\/div><div class=\"columns__item fade-up\"><h2 style=\"color: var(--vert);\">What can you do in the vicinity of this forest?<\/h2><p    ><strong>To the north of the Olonne-sur-Mer forest lies Bretignolles-sur-Mer<\/strong>, a commune that lives to the rhythm of the ocean and offers an important spot for water sports activities. At the southern end, <strong>La Chaume marks the end of the forest<\/strong>, one of the many picturesque districts of Les <strong>Sables-d&#8217;Olonne<\/strong> known for its colorful fishermen&#8217;s houses. <\/p><p    >Other villages, once attached to the town, have also retained their old-fashioned character. La Girvi\u00e8re, la Br\u00e9choire, la Baudu\u00e8re and <strong>l&#8217;Allerie, where you&#8217;ll find the Bois Soleil campsite<\/strong>, are all districts worth exploring on a stroll. And don&#8217;t forget Ile Penotte and its famous colorful houses decorated with seashells.  <\/p><div class=\"lireplus fc-desk\"><p    >Read more<\/p><div class=\"group\"><p    ><strong>Cultural visits to Les Sables-d&#8217;Olonne<\/strong> include the Museum of Modern and Contemporary Art, and the charming Ch\u00e2teau de Pierre Lev\u00e9e, with its Petit Trianon feel.<\/p><p    >For nature walks, don&#8217;t miss the salt marshes, which can be visited by boat, for example, to discover the secrets of the salt harvest. The marshes are also a nature reserve, home to many species of birds, which you can patiently observe. <\/p><p   id=\"270\" ><strong>The beaches can be reached via the Olonne forest<\/strong>. So don&#8217;t miss the most famous of them all, Sauveterre beach, a huge stretch of sand that has retained its wild character and offers absolutely sublime sunsets at <a href=\"https:\/\/camping-bois-soleil.fr\/en\/alentours\/olonne-sur-mer\/\" data-type=\"alentours\" data-id=\"270\">Olonne sur Mer<\/a>. <\/p><\/div><\/div><\/div><\/div>\n\n\n<div style=\"height:1.2vw\" aria-hidden=\"true\" class=\"wp-block-spacer\"><\/div>\n\n\n<div class=\"columns reverse-mob\" style=\"align-items:center;\"><div class=\"columns__item fade-up\" style=\"align-self:center;\"><h2 class=\"wording\" style=\"color: var(--marron);\">Where to stay on a cheap campsite in Olonne-sur-Mer?<\/h2><p   id=\"1985\" ><strong>Ideally located for discovering the magnificent Olonne forest by the sea, the Bois Soleil campsite welcomes you for a vacation just a stone&#8217;s throw from Sauveterre beach<\/strong>, cycle paths and footpaths. Our multi-faceted campsite offers a <a href=\"https:\/\/camping-bois-soleil.fr\/en\/rentals\/\" data-type=\"page\" data-id=\"1985\">wide choice of mobile homes<\/a> to suit all budgets, as well as pitches for tents, caravans and motor homes.<\/p><div class=\"lireplus fc-desk\"><p    >Read more<\/p><div class=\"group\"><p   id=\"215\" >The campsite&#8217;s <a href=\"https:\/\/camping-bois-soleil.fr\/en\/water-park\/\" data-type=\"page\" data-id=\"215\">large water park<\/a> features two swimming pools, a paddling pool and waterslides. The sports fields, playgrounds and kids&#8217; club will also delight the whole family, as part of the range of activities and entertainment on offer. <\/p><p    >With its incomparable geographical location, our <strong>campsite between the sea and the forest of Olonne-sur-Mer<\/strong> is the perfect place to discover the Vend\u00e9e!<\/p><\/div><\/div><\/div><div class=\"columns__item\" style=\"align-self:center;\"><div class=\"gallery fade-right bleu f-carousel fc-diapo\" data-fancybox=\"gallery\"><figure class=\"gallery__item\"><picture><source srcset=\"https:\/\/camping-bois-soleil.fr\/wp-content\/uploads\/2025\/05\/00000848392-420x280.webp\" media=\"(max-width: 210px)\"><source srcset=\"https:\/\/camping-bois-soleil.fr\/wp-content\/uploads\/2025\/05\/00000848392.webp\" media=\"(max-width: 420px)\"><source srcset=\"https:\/\/camping-bois-soleil.fr\/wp-content\/uploads\/2025\/05\/00000848392-768x512.webp\" media=\"(max-width: 850px)\"><source srcset=\"https:\/\/camping-bois-soleil.fr\/wp-content\/uploads\/2025\/05\/00000848392.webp\" media=\"(max-width: 1024px)\"><source srcset=\"https:\/\/camping-bois-soleil.fr\/wp-content\/uploads\/2025\/05\/00000848392.webp\" media=\"(min-width: 1025px)\"><img decoding=\"async\" src=\"https:\/\/camping-bois-soleil.fr\/wp-content\/uploads\/2025\/05\/00000848392-420x280.webp\" width=\"420\" height=\"210\" loading=\"lazy\" alt=\"\" title=\"\"><\/picture><\/figure><figure class=\"gallery__item\"><picture><source srcset=\"https:\/\/camping-bois-soleil.fr\/wp-content\/uploads\/2025\/05\/ba5_1429-1024x683-1-420x280.webp\" media=\"(max-width: 210px)\"><source srcset=\"https:\/\/camping-bois-soleil.fr\/wp-content\/uploads\/2025\/05\/ba5_1429-1024x683-1-850x567.webp\" media=\"(max-width: 420px)\"><source srcset=\"https:\/\/camping-bois-soleil.fr\/wp-content\/uploads\/2025\/05\/ba5_1429-1024x683-1-768x512.webp\" media=\"(max-width: 850px)\"><source srcset=\"https:\/\/camping-bois-soleil.fr\/wp-content\/uploads\/2025\/05\/ba5_1429-1024x683-1.webp\" media=\"(max-width: 1024px)\"><source srcset=\"https:\/\/camping-bois-soleil.fr\/wp-content\/uploads\/2025\/05\/ba5_1429-1024x683-1.webp\" media=\"(min-width: 1025px)\"><img decoding=\"async\" src=\"https:\/\/camping-bois-soleil.fr\/wp-content\/uploads\/2025\/05\/ba5_1429-1024x683-1-420x280.webp\" width=\"420\" height=\"210\" loading=\"lazy\" alt=\"\" title=\"\"><\/picture><\/figure><figure class=\"gallery__item\"><picture><source srcset=\"https:\/\/camping-bois-soleil.fr\/wp-content\/uploads\/2025\/05\/Camping_Bois_Soleil_26_juin_2024_pre-046-420x280.webp\" media=\"(max-width: 210px)\"><source srcset=\"https:\/\/camping-bois-soleil.fr\/wp-content\/uploads\/2025\/05\/Camping_Bois_Soleil_26_juin_2024_pre-046-850x566.webp\" media=\"(max-width: 420px)\"><source srcset=\"https:\/\/camping-bois-soleil.fr\/wp-content\/uploads\/2025\/05\/Camping_Bois_Soleil_26_juin_2024_pre-046-768x512.webp\" media=\"(max-width: 850px)\"><source srcset=\"https:\/\/camping-bois-soleil.fr\/wp-content\/uploads\/2025\/05\/Camping_Bois_Soleil_26_juin_2024_pre-046-1024x682.webp\" media=\"(max-width: 1024px)\"><source srcset=\"https:\/\/camping-bois-soleil.fr\/wp-content\/uploads\/2025\/05\/Camping_Bois_Soleil_26_juin_2024_pre-046.webp\" media=\"(min-width: 1025px)\"><img decoding=\"async\" src=\"https:\/\/camping-bois-soleil.fr\/wp-content\/uploads\/2025\/05\/Camping_Bois_Soleil_26_juin_2024_pre-046-420x280.webp\" width=\"420\" height=\"210\" loading=\"lazy\" alt=\"\" title=\"\"><\/picture><\/figure><\/div><\/div><\/div>","protected":false},"excerpt":{"rendered":"<p>In Olonne-sur-Mer, a large forest by the sea Adjacent to the long sandy beaches, the large state-owned forest of Olonne-sur-Mer is a protected area that&#8217;s a pleasure to immerse yourself in. With its vegetated dunes and shady undergrowth, it&#8217;s a charming idea for a walk during your stay at a campsite in Olonne sur Mer. [&hellip;]<\/p>\n","protected":false},"author":1,"featured_media":0,"parent":0,"menu_order":0,"comment_status":"open","ping_status":"open","template":"","meta":{"_acf_changed":false,"footnotes":""},"acf":[],"_links":{"self":[{"href":"https:\/\/camping-bois-soleil.fr\/en\/wp-json\/wp\/v2\/pages\/1977"}],"collection":[{"href":"https:\/\/camping-bois-soleil.fr\/en\/wp-json\/wp\/v2\/pages"}],"about":[{"href":"https:\/\/camping-bois-soleil.fr\/en\/wp-json\/wp\/v2\/types\/page"}],"author":[{"embeddable":true,"href":"https:\/\/camping-bois-soleil.fr\/en\/wp-json\/wp\/v2\/users\/1"}],"replies":[{"embeddable":true,"href":"https:\/\/camping-bois-soleil.fr\/en\/wp-json\/wp\/v2\/comments?post=1977"}],"version-history":[{"count":2,"href":"https:\/\/camping-bois-soleil.fr\/en\/wp-json\/wp\/v2\/pages\/1977\/revisions"}],"predecessor-version":[{"id":2069,"href":"https:\/\/camping-bois-soleil.fr\/en\/wp-json\/wp\/v2\/pages\/1977\/revisions\/2069"}],"wp:attachment":[{"href":"https:\/\/camping-bois-soleil.fr\/en\/wp-json\/wp\/v2\/media?parent=1977"}],"curies":[{"name":"wp","href":"https:\/\/api.w.org\/{rel}","templated":true}]}}