{"id":1981,"date":"2025-05-21T13:52:14","date_gmt":"2025-05-21T11:52:14","guid":{"rendered":"https:\/\/camping-bois-soleil.fr\/unusual-activity-near-les-sables-dolonne\/"},"modified":"2026-01-12T16:27:47","modified_gmt":"2026-01-12T15:27:47","slug":"unusual-activity-near-les-sables-dolonne","status":"publish","type":"page","link":"https:\/\/camping-bois-soleil.fr\/en\/unusual-activity-near-les-sables-dolonne\/","title":{"rendered":"Unusual activity near Les Sables d&#8217;Olonne"},"content":{"rendered":"<div class=\"diaporama-header align-full\"><div class=\"gallery\"><figure class=\"gallery__item\"><picture><source srcset=\"https:\/\/camping-bois-soleil.fr\/wp-content\/uploads\/2025\/06\/AdobeStock_177293973-1-420x236.webp\" media=\"(max-width: 210px)\"><source srcset=\"https:\/\/camping-bois-soleil.fr\/wp-content\/uploads\/2025\/06\/AdobeStock_177293973-1-850x478.webp\" media=\"(max-width: 420px)\"><source srcset=\"https:\/\/camping-bois-soleil.fr\/wp-content\/uploads\/2025\/06\/AdobeStock_177293973-1-768x432.webp\" media=\"(max-width: 850px)\"><source srcset=\"https:\/\/camping-bois-soleil.fr\/wp-content\/uploads\/2025\/06\/AdobeStock_177293973-1-1024x576.webp\" media=\"(max-width: 1024px)\"><source srcset=\"https:\/\/camping-bois-soleil.fr\/wp-content\/uploads\/2025\/06\/AdobeStock_177293973-1.webp\" media=\"(min-width: 1025px)\"><img loading=\"lazy\" decoding=\"async\" src=\"https:\/\/camping-bois-soleil.fr\/wp-content\/uploads\/2025\/06\/AdobeStock_177293973-1-420x236.webp\" width=\"420\" height=\"210\" alt=\"\" title=\"\"><\/picture><\/figure><\/div><div class=\"diaporama-header__inner\"><\/div><\/div>\n\n<h1 class=\"wording fade-up\" style=\"text-align: center;color: var(--bleu);\">Unusual activity near Les Sables d&#8217;Olonne<\/h1>\n\n<p class=\"mini fade-up\" style=\"text-align: center;\" id=\"215\" >Discover an <strong>unusual family activity in Les Sables d&#8217;Olonne<\/strong>, on the Vend\u00e9e coast. Enrich your stay by exploring unique experiences that combine adventure and discovery around our <a href=\"https:\/\/camping-bois-soleil.fr\/en\/water-park\/\" data-type=\"page\" data-id=\"215\">campsite with swimming pool near Les Sables d&#8217;Olonne<\/a>. <\/p>\n\n\n<div style=\"height:1.2vw\" aria-hidden=\"true\" class=\"wp-block-spacer\"><\/div>\n\n\n<div class=\"columns reverse-mob\" style=\"align-items:center;\"><div class=\"columns__item fade-up\" style=\"align-self:center;\"><h2 style=\"color: var(--marron);\">Water sports on the Vend\u00e9e coast<\/h2><p    >Imagine sailing aboard a traditional sailboat, taking part in an impromptu regatta along the wild coastline, or conquering the <strong>waves on a paddle<\/strong> or <strong>sea kayak<\/strong>. For thrill-seekers, an<strong>introduction to surfing <\/strong>or <strong>kitesurfing<\/strong> offers a guaranteed adrenalin rush, supervised by experienced instructors. <\/p><div class=\"lireplus fc-desk\"><p    >Read more<\/p><div class=\"group\"><p   id=\"205\" >Les Sables d&#8217;Olonne, renowned for its fine sandy beaches and pleasant climate, is also the scene of <strong>many unusual activities in the Vend\u00e9e,<\/strong> such as a visit to the <strong>salt marshes by bike<\/strong>, where you can observe the traditional salt harvest. Nature lovers can immerse themselves in the <strong>lush green landscapes of the Marais d&#8217;Olonne<\/strong>, discovering wildlife as they board a pirogue for an environmentally-friendly adventure near the <a href=\"https:\/\/camping-bois-soleil.fr\/en\/activities\/\" data-type=\"page\" data-id=\"205\">family campsite in Vend\u00e9e<\/a>. <\/p><\/div><\/div><\/div><div class=\"columns__item fade-right\" style=\"align-self:center;\"><div class=\"gallery\"><figure class=\"gallery__item\"><picture><source srcset=\"https:\/\/camping-bois-soleil.fr\/wp-content\/uploads\/2025\/06\/ado_activites_nautiques_vendee-min-1024x683-1-420x280.webp\" media=\"(max-width: 210px)\"><source srcset=\"https:\/\/camping-bois-soleil.fr\/wp-content\/uploads\/2025\/06\/ado_activites_nautiques_vendee-min-1024x683-1-850x567.webp\" media=\"(max-width: 420px)\"><source srcset=\"https:\/\/camping-bois-soleil.fr\/wp-content\/uploads\/2025\/06\/ado_activites_nautiques_vendee-min-1024x683-1-768x512.webp\" media=\"(max-width: 850px)\"><source srcset=\"https:\/\/camping-bois-soleil.fr\/wp-content\/uploads\/2025\/06\/ado_activites_nautiques_vendee-min-1024x683-1.webp\" media=\"(max-width: 1024px)\"><source srcset=\"https:\/\/camping-bois-soleil.fr\/wp-content\/uploads\/2025\/06\/ado_activites_nautiques_vendee-min-1024x683-1.webp\" media=\"(min-width: 1025px)\"><img decoding=\"async\" src=\"https:\/\/camping-bois-soleil.fr\/wp-content\/uploads\/2025\/06\/ado_activites_nautiques_vendee-min-1024x683-1-420x280.webp\" width=\"420\" height=\"210\" loading=\"lazy\" alt=\"\" title=\"\"><\/picture><\/figure><\/div><\/div><\/div>\n\n\n<div style=\"height:1.2vw\" aria-hidden=\"true\" class=\"wp-block-spacer\"><\/div>\n\n\n<div class=\"columns\" style=\"align-items:center;\"><div class=\"columns__item\" style=\"align-self:center;\"><div class=\"gallery fade-left\"><figure class=\"gallery__item\"><picture><source srcset=\"https:\/\/camping-bois-soleil.fr\/wp-content\/uploads\/2025\/06\/AdobeStock_456808389-420x280.webp\" media=\"(max-width: 210px)\"><source srcset=\"https:\/\/camping-bois-soleil.fr\/wp-content\/uploads\/2025\/06\/AdobeStock_456808389-850x566.webp\" media=\"(max-width: 420px)\"><source srcset=\"https:\/\/camping-bois-soleil.fr\/wp-content\/uploads\/2025\/06\/AdobeStock_456808389-768x512.webp\" media=\"(max-width: 850px)\"><source srcset=\"https:\/\/camping-bois-soleil.fr\/wp-content\/uploads\/2025\/06\/AdobeStock_456808389-1024x682.webp\" media=\"(max-width: 1024px)\"><source srcset=\"https:\/\/camping-bois-soleil.fr\/wp-content\/uploads\/2025\/06\/AdobeStock_456808389.webp\" media=\"(min-width: 1025px)\"><img decoding=\"async\" src=\"https:\/\/camping-bois-soleil.fr\/wp-content\/uploads\/2025\/06\/AdobeStock_456808389-420x280.webp\" width=\"420\" height=\"210\" loading=\"lazy\" alt=\"\" title=\"\"><\/picture><\/figure><\/div><\/div><div class=\"columns__item fade-up\" style=\"align-self:center;\"><h2 style=\"color: var(--bleu);\">Aerial activities in Les Sables d&#8217;Olonne<\/h2><p    >Les Sables d&#8217;Olonne, with its magnificent coastline, is the ideal place to discover aerial activities. For a spectacular view of the Vend\u00e9e coast, try <strong>paragliding in Les Sables d&#8217;Olonne<\/strong>. The cliffs of Les Sables d&#8217;Olonne offer ideal conditions for this activity, allowing thrill-seekers to fly over the region and admire the exceptional panorama.  <\/p><div class=\"lireplus fc-desk\"><p    >Read more<\/p><div class=\"group\"><p    >If you prefer an even more unusual adventure, opt for a <strong>first flight in a microlight<\/strong>. Fly over beaches, marshes and forests, and discover the Vend\u00e9e from the air with experienced pilots. <\/p><p   id=\"206\" >At Camping Bois Soleil, you can relax in the heated swimming pool, enjoy the jacuzzi, or take part in a variety of leisure activities. Children will love the playgrounds and club specially designed for them, while adults can enjoy local cuisine at the campsite snack. Whether you choose to <a href=\"https:\/\/camping-bois-soleil.fr\/en\/surroundings\/\" data-type=\"page\" data-id=\"206\">fly over the Vend\u00e9e from Olonne sur mer<\/a> by paraglider or microlight, your stay at the seaside campsite will be the perfect complement to this aerial adventure. Treat yourself to a memorable vacation combining adrenalin and relaxation, and discover the wonders of Sables d&#8217;Olonne from the air.<\/p><\/div><\/div><\/div><\/div>\n\n\n<div style=\"height:1.2vw\" aria-hidden=\"true\" class=\"wp-block-spacer\"><\/div>\n\n\n<div class=\"columns reverse-mob\" style=\"align-items:center;\"><div class=\"columns__item fade-up\" style=\"align-self:center;\"><h2 class=\"wording\" style=\"color: var(--marron);\">Stay at a 4-star campsite by the sea<\/h2><p    >During your <strong>stay near Les Sables d&#8217;Olonne<\/strong>, explore the Olonnes region in the Vend\u00e9e (85) with your family and discover a wide range of unusual activities. The Vend\u00e9e invites you to enjoy its magnificent coastline and numerous tourist sites around the campsite in Olonne-sur-Mer Vend\u00e9e. <\/p><div class=\"lireplus fc-desk\"><p    >Read more<\/p><div class=\"group\"><p   id=\"73\" >The <a href=\"https:\/\/camping-bois-soleil.fr\/en\/\" data-type=\"page\" data-id=\"73\">campsite in Les Sables d&#8217;Olonne<\/a>, Vend\u00e9e, welcomes you from April to September in a green setting near Les Sables d&#8217;Olonne. We offer a wide choice of mobile-home rentals in Olonne sur mer, for your <strong>vacations in the Vend\u00e9e<\/strong>. You can choose from 1 to 4-bedroom mobile homes that sleep 1 to 8 people. Whether you&#8217;re a couple, a group of friends or a family, you&#8217;re sure to find the <a href=\"https:\/\/camping-bois-soleil.fr\/hebergements\/\" data-type=\"page\" data-id=\"209\">mobile home rental in Les Sables d&#8217;Olonne<\/a> that suits your needs and your budget.   <\/p><\/div><\/div><\/div><div class=\"columns__item fade-right\" style=\"align-self:center;\"><div class=\"gallery\"><figure class=\"gallery__item\"><picture><source srcset=\"https:\/\/camping-bois-soleil.fr\/wp-content\/uploads\/2025\/05\/00001192997-420x280.webp\" media=\"(max-width: 210px)\"><source srcset=\"https:\/\/camping-bois-soleil.fr\/wp-content\/uploads\/2025\/05\/00001192997-850x566.webp\" media=\"(max-width: 420px)\"><source srcset=\"https:\/\/camping-bois-soleil.fr\/wp-content\/uploads\/2025\/05\/00001192997-768x512.webp\" media=\"(max-width: 850px)\"><source srcset=\"https:\/\/camping-bois-soleil.fr\/wp-content\/uploads\/2025\/05\/00001192997-1024x682.webp\" media=\"(max-width: 1024px)\"><source srcset=\"https:\/\/camping-bois-soleil.fr\/wp-content\/uploads\/2025\/05\/00001192997.webp\" media=\"(min-width: 1025px)\"><img decoding=\"async\" src=\"https:\/\/camping-bois-soleil.fr\/wp-content\/uploads\/2025\/05\/00001192997-420x280.webp\" width=\"420\" height=\"210\" loading=\"lazy\" alt=\"\" title=\"\"><\/picture><\/figure><\/div><\/div><\/div>","protected":false},"excerpt":{"rendered":"<p>Unusual activity near Les Sables d&#8217;Olonne Discover an unusual family activity in Les Sables d&#8217;Olonne, on the Vend\u00e9e coast. Enrich your stay by exploring unique experiences that combine adventure and discovery around our campsite with swimming pool near Les Sables d&#8217;Olonne. Water sports on the Vend\u00e9e coast Imagine sailing aboard a traditional sailboat, taking part [&hellip;]<\/p>\n","protected":false},"author":1,"featured_media":0,"parent":0,"menu_order":0,"comment_status":"open","ping_status":"open","template":"","meta":{"_acf_changed":false,"footnotes":""},"acf":[],"_links":{"self":[{"href":"https:\/\/camping-bois-soleil.fr\/en\/wp-json\/wp\/v2\/pages\/1981"}],"collection":[{"href":"https:\/\/camping-bois-soleil.fr\/en\/wp-json\/wp\/v2\/pages"}],"about":[{"href":"https:\/\/camping-bois-soleil.fr\/en\/wp-json\/wp\/v2\/types\/page"}],"author":[{"embeddable":true,"href":"https:\/\/camping-bois-soleil.fr\/en\/wp-json\/wp\/v2\/users\/1"}],"replies":[{"embeddable":true,"href":"https:\/\/camping-bois-soleil.fr\/en\/wp-json\/wp\/v2\/comments?post=1981"}],"version-history":[{"count":2,"href":"https:\/\/camping-bois-soleil.fr\/en\/wp-json\/wp\/v2\/pages\/1981\/revisions"}],"predecessor-version":[{"id":2900,"href":"https:\/\/camping-bois-soleil.fr\/en\/wp-json\/wp\/v2\/pages\/1981\/revisions\/2900"}],"wp:attachment":[{"href":"https:\/\/camping-bois-soleil.fr\/en\/wp-json\/wp\/v2\/media?parent=1981"}],"curies":[{"name":"wp","href":"https:\/\/api.w.org\/{rel}","templated":true}]}}